{"id":1530,"date":"2022-06-05T19:35:58","date_gmt":"2022-06-05T19:35:58","guid":{"rendered":"https:\/\/alwazeersteel.com\/product\/galvanized-cold-rolled-sheet\/"},"modified":"2022-08-02T10:05:19","modified_gmt":"2022-08-02T10:05:19","slug":"galvanized-cold-rolled-sheet","status":"publish","type":"product","link":"https:\/\/alwazeersteel.com\/tr\/urun\/galvanized-cold-rolled-sheet\/","title":{"rendered":"Galvanized Cold Rolled Sheet"},"content":{"rendered":"","protected":false},"excerpt":{"rendered":"<h4 class=\"exerpt-title\">\u00d6zellikler<\/h4>\n<table class=\"attribute-table\" width=\"300\" style=\"overflow-wrap: anywhere;\">\n<tbody>\n<tr>\n<th width=\"100\">Kal\u0131nl\u0131k<\/th>\n<td width=\"200\">0.25mm &#8211; 3.00mm<\/td>\n<\/tr>\n<tr>\n<th width=\"100\">Geni\u015flik<\/th>\n<td width=\"200\">800mm &#8211; 1530mm<\/td>\n<\/tr>\n<tr>\n<th width=\"100\">Boy<\/th>\n<td width=\"200\">1000mm &#8211; 6000mm<\/td>\n<\/tr>\n<tr>\n<th width=\"100\">Paket A\u011f\u0131rl\u0131\u011f\u0131<\/th>\n<td width=\"200\">Max 10 Ton<\/td>\n<\/tr>\n<tr>\n<th width=\"100\">Kalite<\/th>\n<td width=\"200\">DIN EN 10346<\/td>\n<\/tr>\n<\/tbody>\n<\/table>\n","protected":false},"featured_media":1099,"template":"","meta":{"_kad_post_transparent":"default","_kad_post_title":"","_kad_post_layout":"default","_kad_post_sidebar_id":"","_kad_post_content_style":"default","_kad_post_vertical_padding":"default","_kad_post_feature":"","_kad_post_feature_position":"","_kad_post_header":false,"_kad_post_footer":false},"product_cat":[55],"product_tag":[],"class_list":{"0":"post-1530","1":"product","2":"type-product","3":"status-publish","4":"has-post-thumbnail","6":"product_cat-duz","8":"first","9":"instock","10":"shipping-taxable","11":"purchasable","12":"product-type-simple","13":"entry","14":"content-bg","15":"loop-entry"},"_links":{"self":[{"href":"https:\/\/alwazeersteel.com\/tr\/wp-json\/wp\/v2\/product\/1530","targetHints":{"allow":["GET"]}}],"collection":[{"href":"https:\/\/alwazeersteel.com\/tr\/wp-json\/wp\/v2\/product"}],"about":[{"href":"https:\/\/alwazeersteel.com\/tr\/wp-json\/wp\/v2\/types\/product"}],"wp:featuredmedia":[{"embeddable":true,"href":"https:\/\/alwazeersteel.com\/tr\/wp-json\/wp\/v2\/media\/1099"}],"wp:attachment":[{"href":"https:\/\/alwazeersteel.com\/tr\/wp-json\/wp\/v2\/media?parent=1530"}],"wp:term":[{"taxonomy":"product_cat","embeddable":true,"href":"https:\/\/alwazeersteel.com\/tr\/wp-json\/wp\/v2\/product_cat?post=1530"},{"taxonomy":"product_tag","embeddable":true,"href":"https:\/\/alwazeersteel.com\/tr\/wp-json\/wp\/v2\/product_tag?post=1530"}],"curies":[{"name":"wp","href":"https:\/\/api.w.org\/{rel}","templated":true}]}}