{"id":1528,"date":"2022-06-05T19:37:46","date_gmt":"2022-06-05T19:37:46","guid":{"rendered":"https:\/\/alwazeersteel.com\/product\/cold-rolled-coil\/"},"modified":"2024-04-17T12:51:53","modified_gmt":"2024-04-17T12:51:53","slug":"cold-rolled-coil","status":"publish","type":"product","link":"https:\/\/alwazeersteel.com\/tr\/urun\/cold-rolled-coil\/","title":{"rendered":"Cold Rolled Coil"},"content":{"rendered":"","protected":false},"excerpt":{"rendered":"<h4 class=\"exerpt-title\">\u00d6zellikler<\/h4>\n<table class=\"attribute-table\" style=\"overflow-wrap: anywhere;\" width=\"300\">\n<tbody>\n<tr>\n<th width=\"100\">Kal\u0131nl\u0131k<\/th>\n<td width=\"200\">0.3 mm ila 3 mm<\/td>\n<\/tr>\n<tr>\n<th width=\"100\">Geni\u015flik<\/th>\n<td width=\"200\">650 mm ila 1550 mm<\/td>\n<\/tr>\n<tr>\n<th width=\"100\">A\u011f\u0131rl\u0131\u011f\u0131<\/th>\n<td width=\"200\">1100 mm \u00fczeri geni\u015fliklerde 3 ila 15 ton, 1100 mm geni\u015fli\u011fe kadar ise 3 ila 10 ton.<\/td>\n<\/tr>\n<tr>\n<th width=\"100\">\u00c7elik kalitesi<\/th>\n<td width=\"200\">M\u00fc\u015fterinin iste\u011fi \u00fczerine<\/td>\n<\/tr>\n<\/tbody>\n<\/table>\n","protected":false},"featured_media":1079,"template":"","meta":{"_kad_post_transparent":"default","_kad_post_title":"","_kad_post_layout":"default","_kad_post_sidebar_id":"","_kad_post_content_style":"default","_kad_post_vertical_padding":"default","_kad_post_feature":"","_kad_post_feature_position":"","_kad_post_header":false,"_kad_post_footer":false},"product_cat":[55],"product_tag":[],"class_list":{"0":"post-1528","1":"product","2":"type-product","3":"status-publish","4":"has-post-thumbnail","6":"product_cat-duz","8":"first","9":"instock","10":"shipping-taxable","11":"purchasable","12":"product-type-simple","13":"entry","14":"content-bg","15":"loop-entry"},"_links":{"self":[{"href":"https:\/\/alwazeersteel.com\/tr\/wp-json\/wp\/v2\/product\/1528","targetHints":{"allow":["GET"]}}],"collection":[{"href":"https:\/\/alwazeersteel.com\/tr\/wp-json\/wp\/v2\/product"}],"about":[{"href":"https:\/\/alwazeersteel.com\/tr\/wp-json\/wp\/v2\/types\/product"}],"wp:featuredmedia":[{"embeddable":true,"href":"https:\/\/alwazeersteel.com\/tr\/wp-json\/wp\/v2\/media\/1079"}],"wp:attachment":[{"href":"https:\/\/alwazeersteel.com\/tr\/wp-json\/wp\/v2\/media?parent=1528"}],"wp:term":[{"taxonomy":"product_cat","embeddable":true,"href":"https:\/\/alwazeersteel.com\/tr\/wp-json\/wp\/v2\/product_cat?post=1528"},{"taxonomy":"product_tag","embeddable":true,"href":"https:\/\/alwazeersteel.com\/tr\/wp-json\/wp\/v2\/product_tag?post=1528"}],"curies":[{"name":"wp","href":"https:\/\/api.w.org\/{rel}","templated":true}]}}