{"id":1511,"date":"2022-07-31T07:19:57","date_gmt":"2022-07-31T07:19:57","guid":{"rendered":"https:\/\/alwazeersteel.com\/product\/kesitli-profil\/"},"modified":"2022-07-31T08:51:42","modified_gmt":"2022-07-31T08:51:42","slug":"kesitli-profil","status":"publish","type":"product","link":"https:\/\/alwazeersteel.com\/tr\/urun\/kesitli-profil\/","title":{"rendered":"Kesitli profil"},"content":{"rendered":"","protected":false},"excerpt":{"rendered":"<p style=\"color: #f8f9fa;\">Kare \/ Dikd\u00f6rtgen kesitli profil \u00fcretim aral\u0131\u011f\u0131<\/p>\n","protected":false},"featured_media":1462,"template":"","meta":{"_kad_post_transparent":"default","_kad_post_title":"","_kad_post_layout":"default","_kad_post_sidebar_id":"","_kad_post_content_style":"default","_kad_post_vertical_padding":"default","_kad_post_feature":"","_kad_post_feature_position":"","_kad_post_header":false,"_kad_post_footer":false},"product_cat":[58],"product_tag":[],"class_list":{"0":"post-1511","1":"product","2":"type-product","3":"status-publish","4":"has-post-thumbnail","6":"product_cat-borular","8":"first","9":"instock","10":"shipping-taxable","11":"purchasable","12":"product-type-simple","13":"entry","14":"content-bg","15":"loop-entry"},"_links":{"self":[{"href":"https:\/\/alwazeersteel.com\/tr\/wp-json\/wp\/v2\/product\/1511","targetHints":{"allow":["GET"]}}],"collection":[{"href":"https:\/\/alwazeersteel.com\/tr\/wp-json\/wp\/v2\/product"}],"about":[{"href":"https:\/\/alwazeersteel.com\/tr\/wp-json\/wp\/v2\/types\/product"}],"wp:featuredmedia":[{"embeddable":true,"href":"https:\/\/alwazeersteel.com\/tr\/wp-json\/wp\/v2\/media\/1462"}],"wp:attachment":[{"href":"https:\/\/alwazeersteel.com\/tr\/wp-json\/wp\/v2\/media?parent=1511"}],"wp:term":[{"taxonomy":"product_cat","embeddable":true,"href":"https:\/\/alwazeersteel.com\/tr\/wp-json\/wp\/v2\/product_cat?post=1511"},{"taxonomy":"product_tag","embeddable":true,"href":"https:\/\/alwazeersteel.com\/tr\/wp-json\/wp\/v2\/product_tag?post=1511"}],"curies":[{"name":"wp","href":"https:\/\/api.w.org\/{rel}","templated":true}]}}