{"id":1252,"date":"2022-05-31T20:09:34","date_gmt":"2022-05-31T20:09:34","guid":{"rendered":"https:\/\/alwazeersteel.com\/product\/lama\/"},"modified":"2024-04-27T06:12:03","modified_gmt":"2024-04-27T06:12:03","slug":"lama","status":"publish","type":"product","link":"https:\/\/alwazeersteel.com\/tr\/urun\/lama\/","title":{"rendered":"LAMA"},"content":{"rendered":"","protected":false},"excerpt":{"rendered":"<h4 class=\"exerpt-title\">\u00d6zellikler<\/h4>\n<table class=\"attribute-table\" style=\"overflow-wrap: anywhere;\" width=\"300\">\n<tbody>\n<tr>\n<th width=\"100\">Ebat<\/th>\n<td width=\"200\">20 * 5 ila 200 * 50 mm<\/td>\n<\/tr>\n<tr>\n<th width=\"100\">\u00c7elik kalitesi<\/th>\n<td width=\"200\">M\u00fc\u015fterinin iste\u011fi \u00fczerine<\/td>\n<\/tr>\n<tr>\n<th width=\"100\">Boyutlar<\/th>\n<td width=\"200\">5 ila 6.7 M<\/td>\n<\/tr>\n<\/tbody>\n<\/table>\n","protected":false},"featured_media":1019,"template":"","meta":{"_kad_post_transparent":"default","_kad_post_title":"","_kad_post_layout":"default","_kad_post_sidebar_id":"","_kad_post_content_style":"default","_kad_post_vertical_padding":"default","_kad_post_feature":"","_kad_post_feature_position":"","_kad_post_header":false,"_kad_post_footer":false},"product_cat":[49],"product_tag":[],"class_list":{"0":"post-1252","1":"product","2":"type-product","3":"status-publish","4":"has-post-thumbnail","6":"product_cat-yapisal-celik-profiller","8":"first","9":"instock","10":"shipping-taxable","11":"purchasable","12":"product-type-simple","13":"entry","14":"content-bg","15":"loop-entry"},"_links":{"self":[{"href":"https:\/\/alwazeersteel.com\/tr\/wp-json\/wp\/v2\/product\/1252","targetHints":{"allow":["GET"]}}],"collection":[{"href":"https:\/\/alwazeersteel.com\/tr\/wp-json\/wp\/v2\/product"}],"about":[{"href":"https:\/\/alwazeersteel.com\/tr\/wp-json\/wp\/v2\/types\/product"}],"wp:featuredmedia":[{"embeddable":true,"href":"https:\/\/alwazeersteel.com\/tr\/wp-json\/wp\/v2\/media\/1019"}],"wp:attachment":[{"href":"https:\/\/alwazeersteel.com\/tr\/wp-json\/wp\/v2\/media?parent=1252"}],"wp:term":[{"taxonomy":"product_cat","embeddable":true,"href":"https:\/\/alwazeersteel.com\/tr\/wp-json\/wp\/v2\/product_cat?post=1252"},{"taxonomy":"product_tag","embeddable":true,"href":"https:\/\/alwazeersteel.com\/tr\/wp-json\/wp\/v2\/product_tag?post=1252"}],"curies":[{"name":"wp","href":"https:\/\/api.w.org\/{rel}","templated":true}]}}